{"id":79,"date":"2017-11-02T17:52:07","date_gmt":"2017-11-02T17:52:07","guid":{"rendered":"http:\/\/temalar7.temadijital.com\/kurumsal-eko\/?page_id=79"},"modified":"2024-12-19T02:03:35","modified_gmt":"2024-12-18T23:03:35","slug":"iletisim","status":"publish","type":"page","link":"https:\/\/www.nova-pack.com.tr\/en\/iletisim\/","title":{"rendered":"\u0130leti\u015fim"},"content":{"rendered":"<div id=\"pl-79\"  class=\"panel-layout\" ><div id=\"pg-79-0\"  class=\"panel-grid panel-no-style\" ><div id=\"pgc-79-0-0\"  class=\"panel-grid-cell\" ><div class=\"panel-cell-style panel-cell-style-for-79-0-0\" ><div id=\"panel-79-0-0-0\" class=\"so-panel widget widget_text panel-first-child panel-last-child\" data-index=\"0\" >\t\t\t<div class=\"textwidget\"><\/div>\n\t\t<\/div><\/div><\/div><\/div><div id=\"pg-79-1\"  class=\"panel-grid panel-no-style\" ><div id=\"pgc-79-1-0\"  class=\"panel-grid-cell panel-grid-cell-empty\" ><\/div><div id=\"pgc-79-1-1\"  class=\"panel-grid-cell panel-grid-cell-mobile-last\" >\t\t<div class=\"contact-address\">\n\t\t\t<div class=\"single-branch\">\n\t\t\t\t<h4>Fabrika - Merkez<\/h4>\t\t\t\t<ul>\n\t\t\t\t\t<li><i class=\"flaticon-phone\"><\/i> Telefon: +90 216 518 10 06 - +90 534 230 73 48<\/li><li><i class=\"fa fa-envelope-o\"><\/i> E-Posta: info@nova-pack.com.tr<\/li><li><i class=\"flaticon-map\"><\/i> Adres : Mollafenari, 4011. Sokak No: 30, 41400 Gebze\/Kocaeli<\/li>\t\t\t\t<\/ul>\n\t\t\t<\/div> <!-- \/.single-branch -->\n\t\t<\/div>\n\t\t\t<div class=\"our-work\">\n\t\t\t<a href=\"https:\/\/api.whatsapp.com\/send?phone=905342307348\" class=\"work-box tran3s\">\n\t\t\t\t<i class=\"flaticon-phone tran3s\"><\/i>\n\t\t\t\t<h5 class=\"tran3s\">\u00d6zel \u00dcr\u00fcn Talepleriniz i\u00e7in WhatsApp'tan Bize Yaz\u0131n<\/h5>\n\t\t\t<\/a> <!-- \/.work-box -->\n\t\t<\/div>\n\t<\/div><div id=\"pgc-79-1-2\"  class=\"panel-grid-cell panel-grid-cell-empty\" ><\/div><\/div><div id=\"pg-79-2\"  class=\"panel-grid panel-has-style\" ><div class=\"siteorigin-panels-stretch panel-row-style panel-row-style-for-79-2\" data-stretch-type=\"full-width-stretch\" ><div id=\"pgc-79-2-0\"  class=\"panel-grid-cell\" ><div id=\"panel-79-2-0-0\" class=\"so-panel widget widget_text panel-first-child panel-last-child\" data-index=\"3\" >\t\t\t<div class=\"textwidget\"><p><iframe src=\"https:\/\/www.google.com\/maps\/embed?pb=!1m18!1m12!1m3!1d3016.4233305034736!2d29.482862985948636!3d40.88452791276524!2m3!1f0!2f0!3f0!3m2!1i1024!2i768!4f13.1!3m3!1m2!1s0x14cb279b16c49199%3A0xbd767c6e142ce5bd!2sNOVA-PACK%20OLUKLU%20MUKAVVA%20KUTU%20AMBALAJ%20VE%20TUR%C4%B0ZM%20SAN.%20T%C4%B0C.%20A.%C5%9E.!5e0!3m2!1str!2str!4v1733488294164!5m2!1str!2str\" frameborder=\"0\" allowfullscreen=\"allowfullscreen\"><\/iframe><\/p>\n<\/div>\n\t\t<\/div><\/div><\/div><\/div><\/div>","protected":false},"excerpt":{"rendered":"<p>Fabrika &#8211; Merkez Telefon: +90 216 518 10 06 &#8211; +90 534 230 73 48 E-Posta: info@nova-pack.com.tr Adres : Mollafenari, 4011. Sokak No: 30, 41400 Gebze\/Kocaeli \u00d6zel \u00dcr\u00fcn Talepleriniz i\u00e7in WhatsApp&#8217;tan Bize Yaz\u0131n<\/p>\n","protected":false},"author":1,"featured_media":400,"parent":0,"menu_order":0,"comment_status":"open","ping_status":"open","template":"","meta":{"om_disable_all_campaigns":false,"footnotes":""},"class_list":["post-79","page","type-page","status-publish","has-post-thumbnail","hentry"],"aioseo_notices":[],"_links":{"self":[{"href":"https:\/\/www.nova-pack.com.tr\/en\/wp-json\/wp\/v2\/pages\/79","targetHints":{"allow":["GET"]}}],"collection":[{"href":"https:\/\/www.nova-pack.com.tr\/en\/wp-json\/wp\/v2\/pages"}],"about":[{"href":"https:\/\/www.nova-pack.com.tr\/en\/wp-json\/wp\/v2\/types\/page"}],"author":[{"embeddable":true,"href":"https:\/\/www.nova-pack.com.tr\/en\/wp-json\/wp\/v2\/users\/1"}],"replies":[{"embeddable":true,"href":"https:\/\/www.nova-pack.com.tr\/en\/wp-json\/wp\/v2\/comments?post=79"}],"version-history":[{"count":10,"href":"https:\/\/www.nova-pack.com.tr\/en\/wp-json\/wp\/v2\/pages\/79\/revisions"}],"predecessor-version":[{"id":520,"href":"https:\/\/www.nova-pack.com.tr\/en\/wp-json\/wp\/v2\/pages\/79\/revisions\/520"}],"wp:featuredmedia":[{"embeddable":true,"href":"https:\/\/www.nova-pack.com.tr\/en\/wp-json\/wp\/v2\/media\/400"}],"wp:attachment":[{"href":"https:\/\/www.nova-pack.com.tr\/en\/wp-json\/wp\/v2\/media?parent=79"}],"curies":[{"name":"wp","href":"https:\/\/api.w.org\/{rel}","templated":true}]}}