{"id":406,"date":"2024-12-06T11:00:11","date_gmt":"2024-12-06T11:00:11","guid":{"rendered":"https:\/\/www.nova-pack.com.tr\/?page_id=406"},"modified":"2024-12-06T11:00:11","modified_gmt":"2024-12-06T11:00:11","slug":"misyonumuz-ve-vizyonumuz","status":"publish","type":"page","link":"https:\/\/www.nova-pack.com.tr\/en\/misyonumuz-ve-vizyonumuz\/","title":{"rendered":"(Turkish) Misyonumuz ve Vizyonumuz"},"content":{"rendered":"<div id=\"pl-406\"  class=\"panel-layout\" ><div id=\"pg-406-0\"  class=\"panel-grid panel-no-style\" ><div id=\"pgc-406-0-0\"  class=\"panel-grid-cell\" ><div id=\"panel-406-0-0-0\" class=\"so-panel widget widget_media_image panel-first-child\" data-index=\"0\" ><img loading=\"lazy\" decoding=\"async\" width=\"300\" height=\"150\" src=\"https:\/\/www.nova-pack.com.tr\/wp-content\/uploads\/2024\/12\/Untitled-300x150.png\" class=\"image wp-image-410  attachment-medium size-medium\" alt=\"\" style=\"max-width: 100%; height: auto;\" srcset=\"https:\/\/www.nova-pack.com.tr\/wp-content\/uploads\/2024\/12\/Untitled-300x150.png 300w, https:\/\/www.nova-pack.com.tr\/wp-content\/uploads\/2024\/12\/Untitled-768x384.png 768w, https:\/\/www.nova-pack.com.tr\/wp-content\/uploads\/2024\/12\/Untitled-130x65.png 130w, https:\/\/www.nova-pack.com.tr\/wp-content\/uploads\/2024\/12\/Untitled.png 1000w\" sizes=\"auto, (max-width: 300px) 100vw, 300px\" \/><\/div><div id=\"panel-406-0-0-1\" class=\"so-panel widget widget_text panel-last-child\" data-index=\"1\" >\t\t\t<div class=\"textwidget\"><h3><\/h3>\n<h3><strong>Misyonumuz<\/strong><\/h3>\n<p>M\u00fc\u015fterilerimize geni\u015f \u00fcr\u00fcn \u00e7e\u015fitlili\u011fi ile kaliteli, \u00e7evre dostu ve ekonomik ambalaj \u00e7\u00f6z\u00fcmleri sunarak, onlar\u0131n i\u015f s\u00fcre\u00e7lerini kolayla\u015ft\u0131rmay\u0131 ve de\u011fer yaratmay\u0131 ama\u00e7l\u0131yoruz. \u00c7\u00f6z\u00fcm odakl\u0131 yakla\u015f\u0131m\u0131m\u0131z ve m\u00fc\u015fteri memnuniyetine verdi\u011fimiz \u00f6nemle, her projeye \u00f6zel yenilik\u00e7i ve esnek \u00fcretim hizmetleri sunmay\u0131 g\u00f6rev ediniyoruz.<\/p>\n<h3><\/h3>\n<h3><strong>Vizyonumuz<\/strong><\/h3>\n<p>Oluklu mukavva ve karton ambalaj sekt\u00f6r\u00fcnde \u00e7evreye duyarl\u0131, m\u00fc\u015fteri odakl\u0131 ve uygun fiyatl\u0131 \u00e7\u00f6z\u00fcmleriyle tan\u0131nan, s\u00fcrd\u00fcr\u00fclebilir \u00fcretim ilkeleriyle global pazarda lider bir marka olmak. Teknolojik geli\u015fmeleri yak\u0131ndan takip ederek, geni\u015f \u00fcr\u00fcn yelpazemiz ve \u00e7\u00f6z\u00fcm odakl\u0131 hizmet anlay\u0131\u015f\u0131m\u0131zla sekt\u00f6rde fark yaratarak gelece\u011fe y\u00f6n vermek.<\/p>\n<\/div>\n\t\t<\/div><\/div><\/div><\/div>","protected":false},"excerpt":{"rendered":"<p>Misyonumuz M\u00fc\u015fterilerimize geni\u015f \u00fcr\u00fcn \u00e7e\u015fitlili\u011fi ile kaliteli, \u00e7evre dostu ve ekonomik ambalaj \u00e7\u00f6z\u00fcmleri sunarak, onlar\u0131n i\u015f s\u00fcre\u00e7lerini kolayla\u015ft\u0131rmay\u0131 ve de\u011fer yaratmay\u0131 ama\u00e7l\u0131yoruz. \u00c7\u00f6z\u00fcm odakl\u0131 yakla\u015f\u0131m\u0131m\u0131z ve m\u00fc\u015fteri memnuniyetine verdi\u011fimiz \u00f6nemle, her projeye \u00f6zel yenilik\u00e7i ve esnek \u00fcretim hizmetleri sunmay\u0131 g\u00f6rev ediniyoruz. Vizyonumuz Oluklu mukavva ve karton ambalaj sekt\u00f6r\u00fcnde \u00e7evreye duyarl\u0131, m\u00fc\u015fteri odakl\u0131 ve uygun fiyatl\u0131 [&hellip;]<\/p>\n","protected":false},"author":1,"featured_media":0,"parent":0,"menu_order":0,"comment_status":"closed","ping_status":"closed","template":"","meta":{"om_disable_all_campaigns":false,"footnotes":""},"class_list":["post-406","page","type-page","status-publish","hentry"],"aioseo_notices":[],"_links":{"self":[{"href":"https:\/\/www.nova-pack.com.tr\/en\/wp-json\/wp\/v2\/pages\/406","targetHints":{"allow":["GET"]}}],"collection":[{"href":"https:\/\/www.nova-pack.com.tr\/en\/wp-json\/wp\/v2\/pages"}],"about":[{"href":"https:\/\/www.nova-pack.com.tr\/en\/wp-json\/wp\/v2\/types\/page"}],"author":[{"embeddable":true,"href":"https:\/\/www.nova-pack.com.tr\/en\/wp-json\/wp\/v2\/users\/1"}],"replies":[{"embeddable":true,"href":"https:\/\/www.nova-pack.com.tr\/en\/wp-json\/wp\/v2\/comments?post=406"}],"version-history":[{"count":7,"href":"https:\/\/www.nova-pack.com.tr\/en\/wp-json\/wp\/v2\/pages\/406\/revisions"}],"predecessor-version":[{"id":414,"href":"https:\/\/www.nova-pack.com.tr\/en\/wp-json\/wp\/v2\/pages\/406\/revisions\/414"}],"wp:attachment":[{"href":"https:\/\/www.nova-pack.com.tr\/en\/wp-json\/wp\/v2\/media?parent=406"}],"curies":[{"name":"wp","href":"https:\/\/api.w.org\/{rel}","templated":true}]}}