{"id":313,"date":"2017-09-02T16:35:35","date_gmt":"2017-09-02T16:35:35","guid":{"rendered":"http:\/\/temalar7.temadijital.com\/kurumsal-eko\/?page_id=10"},"modified":"2024-12-18T16:00:52","modified_gmt":"2024-12-18T13:00:52","slug":"anasayfa","status":"publish","type":"page","link":"https:\/\/www.nova-pack.com.tr\/en\/","title":{"rendered":"Anasayfa"},"content":{"rendered":"<div id=\"pl-313\"  class=\"panel-layout\" ><div id=\"pg-313-0\"  class=\"panel-grid panel-no-style\" ><div id=\"pgc-313-0-0\"  class=\"panel-grid-cell\" ><div id=\"panel-313-0-0-0\" class=\"so-panel widget widget_sow-editor panel-first-child panel-last-child\" data-index=\"0\" ><div\n\t\t\t\n\t\t\tclass=\"so-widget-sow-editor so-widget-sow-editor-base\"\n\t\t\t\n\t\t>\n<div class=\"siteorigin-widget-tinymce textwidget\">\n\t<h3>16 Y\u0131ll\u0131k Tecr\u00fcbe Dayan\u0131kl\u0131 \u00c7\u00f6z\u00fcmler, G\u00fcvenilir \u0130\u015f Orta\u011f\u0131.<\/h3>\n<p>2009 y\u0131l\u0131nda koli ve kutu \u00fcretimi ile ba\u015flad\u0131\u011f\u0131m\u0131z yolculu\u011fumuza, 2018 y\u0131l\u0131ndan itibaren Gebze'deki modern \u00fcretim tesisimizde, s\u00fcrekli b\u00fcy\u00fcyerek ve geli\u015ferek devam ediyoruz. <strong>Nova-Pack Oluklu Mukavva Koli Ambalaj Sanayi Ticaret A.\u015e.<\/strong> olarak m\u00fc\u015fteri memnuniyetini merkezine alan, kalite standartlar\u0131ndan \u00f6d\u00fcn vermeyen ve personel e\u011fitimine \u00f6nem veren bir anlay\u0131\u015f\u0131 benimsiyoruz.<\/p>\n<p>\"S\u00fcrd\u00fcr\u00fclebilir \u00e7\u00f6z\u00fcmlerle kaliteyi ve yenili\u011fi birle\u015ftirerek, oluklu mukavva ve kutu sekt\u00f6r\u00fcnde m\u00fc\u015fterilerimizin g\u00fcvenilir i\u015f orta\u011f\u0131 olmay\u0131 hedefliyoruz.\"<\/p>\n<a href=\"#\" class=\"theme-button p-bg-color\" style=\"background: #009dcd\" target=\"_blank\">Devam\u0131n\u0131 Oku<\/a>\n<\/div>\n<\/div><\/div><\/div><div id=\"pgc-313-0-1\"  class=\"panel-grid-cell\" ><div id=\"panel-313-0-1-0\" class=\"so-panel widget widget_media_image panel-first-child panel-last-child\" data-index=\"1\" ><div class=\"full-height-width panel-widget-style panel-widget-style-for-313-0-1-0\" ><img loading=\"lazy\" decoding=\"async\" width=\"1000\" height=\"667\" src=\"https:\/\/www.nova-pack.com.tr\/wp-content\/uploads\/2024\/12\/98b32583be.jpg\" class=\"image wp-image-400  attachment-full size-full\" alt=\"\" style=\"max-width: 100%; height: auto;\" srcset=\"https:\/\/www.nova-pack.com.tr\/wp-content\/uploads\/2024\/12\/98b32583be.jpg 1000w, https:\/\/www.nova-pack.com.tr\/wp-content\/uploads\/2024\/12\/98b32583be-300x200.jpg 300w, https:\/\/www.nova-pack.com.tr\/wp-content\/uploads\/2024\/12\/98b32583be-768x512.jpg 768w, https:\/\/www.nova-pack.com.tr\/wp-content\/uploads\/2024\/12\/98b32583be-97x65.jpg 97w, https:\/\/www.nova-pack.com.tr\/wp-content\/uploads\/2024\/12\/98b32583be-272x182.jpg 272w\" sizes=\"auto, (max-width: 1000px) 100vw, 1000px\" \/><\/div><\/div><\/div><\/div><div id=\"pg-313-1\"  class=\"panel-grid panel-no-style\" ><div id=\"pgc-313-1-0\"  class=\"panel-grid-cell panel-grid-cell-empty\" ><\/div><\/div><div id=\"pg-313-2\"  class=\"panel-grid panel-has-style\" ><div class=\"siteorigin-panels-stretch panel-row-style panel-row-style-for-313-2\" data-stretch-type=\"full\" ><div id=\"pgc-313-2-0\"  class=\"panel-grid-cell\" ><div class=\"theme-counter\">\n\t<div class=\"opacity\">\n\t\t<div class=\"text-center\">\n\t\t\t<i class=\"flaticon-handshake\"><\/i>\n\t\t\t<h5>Mutlu M\u00fc\u015fteriler<\/h5>\n\t\t\t<div class=\"number\"><span class=\"timer\" data-from=\"0\" data-to=\"250\" data-speed=\"1000\" data-refresh-interval=\"5\">0<\/span>+<\/div>\n\t\t<\/div> <!-- \/.text-center -->\n\t<\/div>\n<\/div>\n\t<\/div><div id=\"pgc-313-2-1\"  class=\"panel-grid-cell\" ><div class=\"theme-counter\">\n\t<div class=\"opacity\">\n\t\t<div class=\"text-center\">\n\t\t\t<i class=\"flaticon-smile\"><\/i>\n\t\t\t<h5>Memnuniyet<\/h5>\n\t\t\t<div class=\"number\"><span class=\"timer\" data-from=\"0\" data-to=\"99\" data-speed=\"1000\" data-refresh-interval=\"5\">0<\/span>%<\/div>\n\t\t<\/div> <!-- \/.text-center -->\n\t<\/div>\n<\/div>\n\t<\/div><div id=\"pgc-313-2-2\"  class=\"panel-grid-cell\" ><div class=\"theme-counter\">\n\t<div class=\"opacity\">\n\t\t<div class=\"text-center\">\n\t\t\t<i class=\"fa fa-heart\"><\/i>\n\t\t\t<h5>Yeni \u00dcr\u00fcn<\/h5>\n\t\t\t<div class=\"number\"><span class=\"timer\" data-from=\"0\" data-to=\"60\" data-speed=\"1000\" data-refresh-interval=\"5\">0<\/span>+<\/div>\n\t\t<\/div> <!-- \/.text-center -->\n\t<\/div>\n<\/div>\n\t<\/div><div id=\"pgc-313-2-3\"  class=\"panel-grid-cell\" ><div class=\"theme-counter\">\n\t<div class=\"opacity\">\n\t\t<div class=\"text-center\">\n\t\t\t<i class=\"flaticon-medal\"><\/i>\n\t\t\t<h5>Kalite<\/h5>\n\t\t\t<div class=\"number\"><span class=\"timer\" data-from=\"0\" data-to=\"100\" data-speed=\"1000\" data-refresh-interval=\"5\">0<\/span><\/div>\n\t\t<\/div> <!-- \/.text-center -->\n\t<\/div>\n<\/div>\n\t<\/div><\/div><\/div><div id=\"pg-313-3\"  class=\"panel-grid panel-no-style\" ><div id=\"pgc-313-3-0\"  class=\"panel-grid-cell\" >\t\t<div class=\"our-work\">\n\t\t\t<a href=\"https:\/\/www.nova-pack.com.tr\/iletisim\/\" class=\"work-box tran3s\">\n\t\t\t\t<i class=\"fa fa-file-pdf-o tran3s\"><\/i>\n\t\t\t\t<h5 class=\"tran3s\">Online Katalog<\/h5>\n\t\t\t<\/a> <!-- \/.work-box -->\n\t\t<\/div>\n\t\t\t<div class=\"our-work\">\n\t\t\t<a href=\"\" class=\"work-box tran3s\">\n\t\t\t\t<i class=\"fa fa-diamond tran3s\"><\/i>\n\t\t\t\t<h5 class=\"tran3s\">\u00dcr\u00fcnlerimiz<\/h5>\n\t\t\t<\/a> <!-- \/.work-box -->\n\t\t<\/div>\n\t<\/div><div id=\"pgc-313-3-1\"  class=\"panel-grid-cell\" >\t\t<div class=\"our-work\">\n\t\t\t<a href=\"https:\/\/www.nova-pack.com.tr\/iletisim\/\" class=\"work-box tran3s\">\n\t\t\t\t<i class=\"fa fa-file-text tran3s\"><\/i>\n\t\t\t\t<h5 class=\"tran3s\">Bize Ula\u015f\u0131n<\/h5>\n\t\t\t<\/a> <!-- \/.work-box -->\n\t\t<\/div>\n\t\t\t<div class=\"our-work\">\n\t\t\t<a href=\"\" class=\"work-box tran3s\">\n\t\t\t\t<i class=\"fa fa-check tran3s\"><\/i>\n\t\t\t\t<h5 class=\"tran3s\">Referanslar\u0131m\u0131z<\/h5>\n\t\t\t<\/a> <!-- \/.work-box -->\n\t\t<\/div>\n\t<\/div><div id=\"pgc-313-3-2\"  class=\"panel-grid-cell\" >\n\t<div id=\"panel-313-3-2-0\" class=\"so-panel widget widget_widget_accordion panel-first-child panel-last-child\" data-index=\"10\" >\t\t<div class=\"inspiration-tab\">\n\t\t\t<h4>Bizi Ni\u00e7in Tercih Etmelisiniz?<\/h4>\t\t\t<p>NOVA-PACK OLUKLU MUKAVVA KUTU AMBALAJ VE TUR\u0130ZM SAN. T\u0130C. A.\u015e. olarak;\n<\/p>\t\t\t<div class=\"inspiration-panel\">\n\t\t\t\t<div class=\"panel-group theme-accordion\" id=\"accardion57360\">\n\t\t\t\t\t\t\t\t\t\t\t<div class=\"panel\">\n\t\t\t\t\t\t\t<div class=\"panel-heading active-panel\">\n\t\t\t\t\t\t\t\t<h6 class=\"panel-title\"><a data-toggle=\"collapse\" data-parent=\"#accardion57360\" href=\"#collapseaccardion57360-0\">\u00c7evre Dostu ve Kaliteli \u00dcr\u00fcnler:<\/a><\/h6>\n\t\t\t\t\t\t\t<\/div>\n\t\t\t\t\t\t\t<div id=\"collapseaccardion57360-0\" class=\"panel-collapse collapse in\">\n\t\t\t\t\t\t\t\t<div class=\"panel-body\">\n\t\t\t\t\t\t\t\t\t<p>Oluklu mukavva ve karton ambalajlar\u0131m\u0131z, do\u011fa dostu malzemelerle \u00fcretilir ve y\u00fcksek kalite standartlar\u0131na uygun \u015fekilde tasarlan\u0131r. Hem dayan\u0131kl\u0131 hem de s\u00fcrd\u00fcr\u00fclebilir \u00e7\u00f6z\u00fcmler sunarak, \u00e7evreye duyarl\u0131 bir \u00fcretim s\u00fcreci sa\u011flar\u0131z.<\/p>\n\t\t\t\t\t\t\t\t<\/div>\n\t\t\t\t\t\t\t<\/div>\n\t\t\t\t\t\t<\/div> <!-- \/panel 1 -->\n\t\t\t\t\t\t\t\t\t\t\t<div class=\"panel\">\n\t\t\t\t\t\t\t<div class=\"panel-heading \">\n\t\t\t\t\t\t\t\t<h6 class=\"panel-title\"><a data-toggle=\"collapse\" data-parent=\"#accardion57360\" href=\"#collapseaccardion57360-1\">M\u00fc\u015fteri Odakl\u0131 Hizmet:<\/a><\/h6>\n\t\t\t\t\t\t\t<\/div>\n\t\t\t\t\t\t\t<div id=\"collapseaccardion57360-1\" class=\"panel-collapse collapse \">\n\t\t\t\t\t\t\t\t<div class=\"panel-body\">\n\t\t\t\t\t\t\t\t\t<p>Her m\u00fc\u015fterimizin ihtiya\u00e7lar\u0131n\u0131 \u00f6zel olarak de\u011ferlendirir, onlara \u00f6zel \u00e7\u00f6z\u00fcmler sunar\u0131z. Esnek \u00fcretim kapasitemiz ve geni\u015f \u00fcr\u00fcn yelpazemiz ile her t\u00fcrl\u00fc ambalaj talebine h\u0131zl\u0131 ve uygun fiyatlarla cevap veririz.<\/p>\n\t\t\t\t\t\t\t\t<\/div>\n\t\t\t\t\t\t\t<\/div>\n\t\t\t\t\t\t<\/div> <!-- \/panel 1 -->\n\t\t\t\t\t\t\t\t\t\t\t<div class=\"panel\">\n\t\t\t\t\t\t\t<div class=\"panel-heading \">\n\t\t\t\t\t\t\t\t<h6 class=\"panel-title\"><a data-toggle=\"collapse\" data-parent=\"#accardion57360\" href=\"#collapseaccardion57360-2\">H\u0131zl\u0131 Teslimat ve Uygun Fiyat Garantisi:<\/a><\/h6>\n\t\t\t\t\t\t\t<\/div>\n\t\t\t\t\t\t\t<div id=\"collapseaccardion57360-2\" class=\"panel-collapse collapse \">\n\t\t\t\t\t\t\t\t<div class=\"panel-body\">\n\t\t\t\t\t\t\t\t\t<p>\u00dcretim s\u00fcre\u00e7lerimizi optimize ederek, \u00fcr\u00fcnlerinizi zaman\u0131nda teslim ederiz. Kaliteyi uygun fiyatlarla sunarken, m\u00fc\u015fterilerimizin b\u00fct\u00e7esine dost \u00e7\u00f6z\u00fcmler \u00fcretiriz.<\/p>\n\t\t\t\t\t\t\t\t<\/div>\n\t\t\t\t\t\t\t<\/div>\n\t\t\t\t\t\t<\/div> <!-- \/panel 1 -->\n\t\t\t\t\t\t\t\t\t<\/div> <!-- end #accordion -->\n\t\t\t<\/div> <!-- End of .inspiration-panel -->\n\t\t<\/div> <!-- \/.inspiration-tab -->\n\t<\/div>\t<\/div><\/div><div id=\"pg-313-4\"  class=\"panel-grid panel-no-style\" ><div id=\"pgc-313-4-0\"  class=\"panel-grid-cell\" >\t<!--\n\t=============================================\n\t\tOur Project\n\t==============================================\n\t-->\n\t<div class=\"our-project\">\n\t\t<div class=\"container\">\n\t\t\t<div class=\"theme-title\">\n\t\t\t\t<h2>Referanslar<\/h2>\n\t\t\t\t<p>En yeni referanslar\u0131m\u0131z\u0131 inceleyin!<\/p>\t\t\t<\/div> <!-- \/.theme-title -->\n\n\t\t\t<div class=\"mixitUp-menu hidden-xs\">\n\t\t\t\t\t\t\t<\/div> <!-- End of .mixitUp-menu -->\n\n\t\t\t<div class=\"visible-xs mb20\">\n\t\t\t\t\t\t\t<\/div> <!-- End of .mixitUp-menu -->\n\n\t\t\t<div id=\"mixitUp-item\" class=\"row\">\n\t\t\t\t\n\t\t\t<\/div> <!-- \/.row -->\n\t\t<\/div> <!-- \/.container -->\n\t<\/div> <!-- \/.our-project -->\n\t<\/div><\/div><div id=\"pg-313-5\"  class=\"panel-grid panel-no-style\" ><div id=\"pgc-313-5-0\"  class=\"panel-grid-cell panel-grid-cell-empty\" ><\/div><\/div><div id=\"pg-313-6\"  class=\"panel-grid panel-has-style\" ><div class=\"siteorigin-panels-stretch panel-row-style panel-row-style-for-313-6\" data-stretch-type=\"full\" ><div id=\"pgc-313-6-0\"  class=\"panel-grid-cell\" >\t<!--\n\t=============================================\n\t\tClient Slider\n\t==============================================\n\t-->\n\t<div id=\"panel-313-6-0-0\" class=\"so-panel widget widget_widget_testimonials panel-first-child panel-last-child\" data-index=\"12\" >\t\t<div class=\"client-slider\">\n\t\t\t<div class=\"opacity\">\n\t\t\t\t<div class=\"container\">\n\t\t\t\t\t<div class=\"theme-title\"><h3 class=\"widget-title\">M\u00fc\u015fteri Yorumlar\u0131<\/h3><\/div> <!-- \/.theme-title -->\n\t\t\t\t\t<div class=\"row\">\n\t\t\t\t\t\t<div class=\"testimonial-slider\">\n\t\t\t\t\t\t\t\t\t\t\t\t\t\t\t<div class=\"item\">\n\t\t\t\t\t\t\t\t\t<div class=\"text\"><p>Seda K. \u2b50\u2b50\u2b50\u2b50\u2b50\n\u201cNova-Pack ile \u00e7al\u0131\u015fmaya ba\u015flad\u0131\u011f\u0131m\u0131zdan beri ambalaj kalitemiz ger\u00e7ekten \u00e7ok artt\u0131. Hem dayan\u0131kl\u0131 hem de \u00e7evre dostu ambalajlar kullanmam\u0131z sayesinde m\u00fc\u015fterilerimiz de memnun. Kesinlikle tavsiye ederim!\u201d<\/p><\/div>\n\t\t\t\t\t\t\t\t<\/div> <!-- \/.item -->\n\t\t\t\t\t\t\t\t\t\t\t\t\t\t\t<div class=\"item\">\n\t\t\t\t\t\t\t\t\t<div class=\"text\"><p>Mehmet Y. \u2b50\u2b50\u2b50\u2b50\u2b50\n\u201cY\u0131llard\u0131r sekt\u00f6rdeyim, b\u00f6yle kaliteli ve m\u00fc\u015fteri odakl\u0131 bir firma g\u00f6rmedim. Sipari\u015flerimizi her zaman zaman\u0131nda teslim ediyorlar ve fiyatlar \u00e7ok uygun. Nova-Pack bizim i\u00e7in en g\u00fcvenilir i\u015f orta\u011f\u0131 oldu.\u201d<\/p><\/div>\n\t\t\t\t\t\t\t\t<\/div> <!-- \/.item -->\n\t\t\t\t\t\t\t\t\t\t\t\t\t\t\t<div class=\"item\">\n\t\t\t\t\t\t\t\t\t<div class=\"text\"><p>Emre D. \u2b50\u2b50\u2b50\u2b50\u2b50\n\u201cM\u00fc\u015fterilerimizin ambalaj \u015fikayetlerini en aza indirmek i\u00e7in uzun s\u00fcre aray\u0131\u015ftayd\u0131k ve sonunda Nova-Pack ile anla\u015fmaya karar verdik. \u0130yi ki de karar vermi\u015fiz, ger\u00e7ekten kaliteli ve sa\u011flam ambalajlar sunuyorlar.\u201d<\/p><\/div>\n\t\t\t\t\t\t\t\t<\/div> <!-- \/.item -->\n\t\t\t\t\t\t\t\t\t\t\t\t\t\t\t<div class=\"item\">\n\t\t\t\t\t\t\t\t\t<div class=\"text\"><p>Asl\u0131 A. \u2b50\u2b50\u2b50\u2b50\u2b50\n\u201c\u00c7evre dostu ambalaj \u00e7\u00f6z\u00fcmleri ar\u0131yorduk ve Nova-Pack tam ihtiyac\u0131m\u0131z\u0131 kar\u015f\u0131lad\u0131. \u00dcr\u00fcnler hem kaliteli hem de do\u011fal malzemelerden yap\u0131lm\u0131\u015f, bundan sonra t\u00fcm ambalaj ihtiya\u00e7lar\u0131m\u0131z\u0131 buradan kar\u015f\u0131layaca\u011f\u0131z.\u201d<\/p><\/div>\n\t\t\t\t\t\t\t\t<\/div> <!-- \/.item -->\n\t\t\t\t\t\t\t\t\t\t\t\t\t\t\t<div class=\"item\">\n\t\t\t\t\t\t\t\t\t<div class=\"text\"><p>Ay\u015fe T. \u2b50\u2b50\u2b50\u2b50\u2b50\n\u201cDaha \u00f6nce pek \u00e7ok farkl\u0131 firma ile \u00e7al\u0131\u015ft\u0131k ama Nova-Pack kadar h\u0131zl\u0131 ve kaliteli hizmet sunan ba\u015fka bir firma g\u00f6rmedim. \u00dcr\u00fcnlerin kalitesi ve \u00e7e\u015fitlili\u011fi bizi \u00e7ok memnun etti, bundan sonra hep buradan alaca\u011f\u0131z.\u201d<\/p><\/div>\n\t\t\t\t\t\t\t\t<\/div> <!-- \/.item -->\n\t\t\t\t\t\t\t\t\t\t\t\t\t<\/div> <!-- \/.col- -->\n\t\t\t\t\t<\/div> <!-- \/.row -->\n\t\t\t\t<\/div> <!-- \/.container -->\n\t\t\t<\/div> <!-- \/.opacity -->\n\t\t<\/div> <!-- \/.client-slider -->\n\t<\/div>\t<\/div><\/div><\/div><\/div>","protected":false},"excerpt":{"rendered":"<p>16 Y\u0131ll\u0131k Tecr\u00fcbe Dayan\u0131kl\u0131 \u00c7\u00f6z\u00fcmler, G\u00fcvenilir \u0130\u015f Orta\u011f\u0131. 2009 y\u0131l\u0131nda koli ve kutu \u00fcretimi ile ba\u015flad\u0131\u011f\u0131m\u0131z yolculu\u011fumuza, 2018 y\u0131l\u0131ndan itibaren Gebze&#8217;deki modern \u00fcretim tesisimizde, s\u00fcrekli b\u00fcy\u00fcyerek ve geli\u015ferek devam ediyoruz. Nova-Pack Oluklu Mukavva Koli Ambalaj Sanayi Ticaret A.\u015e. olarak m\u00fc\u015fteri memnuniyetini merkezine alan, kalite standartlar\u0131ndan \u00f6d\u00fcn vermeyen ve personel e\u011fitimine \u00f6nem veren bir anlay\u0131\u015f\u0131 benimsiyoruz. [&hellip;]<\/p>\n","protected":false},"author":1,"featured_media":0,"parent":0,"menu_order":0,"comment_status":"open","ping_status":"open","template":"template-blank.php","meta":{"om_disable_all_campaigns":false,"footnotes":""},"class_list":["post-313","page","type-page","status-publish","hentry"],"aioseo_notices":[],"_links":{"self":[{"href":"https:\/\/www.nova-pack.com.tr\/en\/wp-json\/wp\/v2\/pages\/313","targetHints":{"allow":["GET"]}}],"collection":[{"href":"https:\/\/www.nova-pack.com.tr\/en\/wp-json\/wp\/v2\/pages"}],"about":[{"href":"https:\/\/www.nova-pack.com.tr\/en\/wp-json\/wp\/v2\/types\/page"}],"author":[{"embeddable":true,"href":"https:\/\/www.nova-pack.com.tr\/en\/wp-json\/wp\/v2\/users\/1"}],"replies":[{"embeddable":true,"href":"https:\/\/www.nova-pack.com.tr\/en\/wp-json\/wp\/v2\/comments?post=313"}],"version-history":[{"count":11,"href":"https:\/\/www.nova-pack.com.tr\/en\/wp-json\/wp\/v2\/pages\/313\/revisions"}],"predecessor-version":[{"id":452,"href":"https:\/\/www.nova-pack.com.tr\/en\/wp-json\/wp\/v2\/pages\/313\/revisions\/452"}],"wp:attachment":[{"href":"https:\/\/www.nova-pack.com.tr\/en\/wp-json\/wp\/v2\/media?parent=313"}],"curies":[{"name":"wp","href":"https:\/\/api.w.org\/{rel}","templated":true}]}}